{"id":189,"date":"2021-11-02T14:40:45","date_gmt":"2021-11-02T14:40:45","guid":{"rendered":"https:\/\/schlaraffia-imbirseck.ch\/?page_id=189"},"modified":"2023-07-20T14:35:23","modified_gmt":"2023-07-20T14:35:23","slug":"varia","status":"publish","type":"page","link":"https:\/\/schlaraffia-imbirseck.ch\/index.php\/varia\/","title":{"rendered":"Varia"},"content":{"rendered":"<p>[et_pb_section fb_built=&#8220;1&#8243; next_background_color=&#8220;#f7f7f7&#8243; admin_label=&#8220;Hero Section&#8220; _builder_version=&#8220;4.16&#8243; use_background_color_gradient=&#8220;on&#8220; background_color_gradient_stops=&#8220;rgba(0,0,0,0.4) 0%|rgba(0,0,0,0.4) 100%&#8220; background_color_gradient_overlays_image=&#8220;on&#8220; background_color_gradient_start=&#8220;rgba(0,0,0,0.4)&#8220; background_color_gradient_end=&#8220;rgba(0,0,0,0.4)&#8220; background_image=&#8220;https:\/\/schlaraffia-imbirseck.ch\/wp-content\/uploads\/2020\/12\/Hintergrund.png&#8220; background_position=&#8220;center_right&#8220; custom_padding=&#8220;10%||16%|&#8220; bottom_divider_style=&#8220;slant&#8220; bottom_divider_height=&#8220;60px&#8220; global_colors_info=&#8220;{}&#8220; background_color_gradient_direction__hover=&#8220;180deg&#8220; background_color_gradient_direction__hover_enabled=&#8220;180deg&#8220; background_color_gradient_start_position__hover=&#8220;0%&#8220; background_color_gradient_start_position__hover_enabled=&#8220;0%&#8220; background_color_gradient_end_position__hover=&#8220;100%&#8220; background_color_gradient_end_position__hover_enabled=&#8220;100%&#8220; background_color_gradient_stops__hover=&#8220;rgba(0,0,0,0.4) 0%|rgba(0,0,0,0.4) 100%&#8220;][et_pb_row _builder_version=&#8220;4.16&#8243; global_colors_info=&#8220;{}&#8220;][et_pb_column type=&#8220;4_4&#8243; _builder_version=&#8220;4.16&#8243; custom_padding=&#8220;|||&#8220; global_colors_info=&#8220;{}&#8220; custom_padding__hover=&#8220;|||&#8220;][et_pb_text admin_label=&#8220;Hero Section Title&#8220; _builder_version=&#8220;4.16&#8243; text_font=&#8220;|||on|||||&#8220; header_font=&#8220;Montserrat|600|||||||&#8220; header_font_size=&#8220;48px&#8220; header_letter_spacing=&#8220;3px&#8220; header_line_height=&#8220;1.3em&#8220; header_2_font=&#8220;Indie Flower|700|||||||&#8220; header_2_text_color=&#8220;#ffffff&#8220; header_2_font_size=&#8220;50px&#8220; header_2_letter_spacing=&#8220;3px&#8220; header_2_line_height=&#8220;1.1em&#8220; text_orientation=&#8220;center&#8220; background_layout=&#8220;dark&#8220; module_alignment=&#8220;center&#8220; custom_margin=&#8220;||60px|&#8220; animation_style=&#8220;slide&#8220; animation_direction=&#8220;bottom&#8220; animation_intensity_slide=&#8220;5%&#8220; header_font_size_tablet=&#8220;&#8220; header_font_size_phone=&#8220;28px&#8220; header_font_size_last_edited=&#8220;on|phone&#8220; header_2_font_size_tablet=&#8220;&#8220; header_2_font_size_phone=&#8220;50px&#8220; header_2_font_size_last_edited=&#8220;on|phone&#8220; header_2_text_shadow_style=&#8220;preset1&#8243; global_colors_info=&#8220;{}&#8220;]<\/p>\n<h2>Wer soll SChlaraffe sein?<\/h2>\n<p>[\/et_pb_text][\/et_pb_column][\/et_pb_row][\/et_pb_section][et_pb_section fb_built=&#8220;1&#8243; admin_label=&#8220;About Section&#8220; _builder_version=&#8220;4.16&#8243; background_color=&#8220;#f7f7f7&#8243; min_height=&#8220;2172.1px&#8220; custom_padding=&#8220;90px||0px|||&#8220; global_colors_info=&#8220;{}&#8220;][et_pb_row column_structure=&#8220;1_2,1_2&#8243; _builder_version=&#8220;4.16&#8243; _module_preset=&#8220;default&#8220; global_colors_info=&#8220;{}&#8220;][et_pb_column type=&#8220;1_2&#8243; _builder_version=&#8220;4.16&#8243; _module_preset=&#8220;default&#8220; global_colors_info=&#8220;{}&#8220;][et_pb_text _builder_version=&#8220;4.16&#8243; _module_preset=&#8220;default&#8220; global_colors_info=&#8220;{}&#8220;]<\/p>\n<h2 style=\"text-align: right;\">Aus dem Liederbuch der Budapestia<\/h2>\n<p>[\/et_pb_text][\/et_pb_column][et_pb_column type=&#8220;1_2&#8243; _builder_version=&#8220;4.16&#8243; _module_preset=&#8220;default&#8220; global_colors_info=&#8220;{}&#8220;][\/et_pb_column][\/et_pb_row][et_pb_row _builder_version=&#8220;4.16&#8243; _module_preset=&#8220;default&#8220; global_colors_info=&#8220;{}&#8220;][et_pb_column type=&#8220;4_4&#8243; _builder_version=&#8220;4.16&#8243; _module_preset=&#8220;default&#8220; global_colors_info=&#8220;{}&#8220;][et_pb_text _builder_version=&#8220;4.16&#8243; _module_preset=&#8220;default&#8220; global_colors_info=&#8220;{}&#8220;]<\/p>\n<h2>Wer soll Schlaraffe sein?<\/h2>\n<h3>Budapestia 1880, Melodie: Ritter Hadji El Murr Din der Abd-El-Katerige Edler von U Tempo<\/h3>\n<p>&nbsp;<\/p>\n<ol>\n<li>Ich frage Euch, wer soll Schlaraffe sein?<\/li>\n<\/ol>\n<p>Wer kriechend, feig\u2018 sich um die Throne windet, Vor hohlen Sch\u00e4deln Reverenzen macht,<\/p>\n<p>Wer Rang und Glanz verehrungsvoll nur findet, Und \u00fcber Geist und Witz mitleidig lacht?<\/p>\n<p>Kein lichter Strahl dringt in sein Herz hinein. Er kann im Leben kein Schlaraffe sein\u2018!<\/p>\n<p>Doch, wer da pr\u00fcfend Herz und Geist erw\u00e4get, Und Mensch als Menschen sch\u00e4tzt und ehrt,<\/p>\n<p>Und liebt,<\/p>\n<p>We\u00df\u2018 Herz sich warm f\u00fcr geist\u2019ges Streben reget, Wer froh genie\u00dft, was froh die Stunde gibt,<\/p>\n<p>Will der sich Uhu\u2019s heil\u2019gem Dienste weih\u2019n, Der soll willkommen als Schlaraffe sein<\/p>\n<p>&nbsp;<\/p>\n<ol start=\"2\">\n<li>Ich frage Euch, wer soll Schlaraffe sein?<\/li>\n<\/ol>\n<p>Wer zugekn\u00fcpft durch\u2019s \u00f6de Leben schleichet, Sein liebes Ich nur kennet und verehrt,<\/p>\n<p>Wem fremde Noth niemals das Herz erweichet, Wer nie ein Herz noch fand der Freundschaft werth?<\/p>\n<p>Beklagt von uns, steh\u2018 ewig er allein, Er kann im Leben kein Schlaraffe sein!<\/p>\n<p>Doch, wer im Leben seinen treuen Freunden, Den off\u2019nen heit\u2019ren Sinn entgegentr\u00e4gt,<\/p>\n<p>Dem Freundschaft heilig ist und dem f\u00fcr Leiden Der Br\u00fcder warm das Herz im Busen schl\u00e4gt,<\/p>\n<p>Steht der zu uns, will der sein Herz uns weih\u2019n, der soll willkommen als Schlaraffe sein!<\/p>\n<p>&nbsp;<\/p>\n<ol start=\"3\">\n<li>Ich frage euch, wer soll Schlaraffe sein?<\/li>\n<\/ol>\n<p>Wer da lachen will, sich ein par Stunden, Unth\u00e4tig selbst, an And\u2019rer Witz erfreu\u2019n.<\/p>\n<p>Nicht hinter fr\u00f6hl\u2019chem Scherz den Ernst gefunden, Das Edle, heil\u2019ge Ziel, dem wir uns weih\u2019n?<\/p>\n<p>Ihm ziemt die Narrenm\u00fctze nur allein, Er kann im Leben kein Schlaraffe sein!<\/p>\n<p>Doch, wer mit uns zu h\u00f6h\u2019rem Ziele strebet, Zu dem als Br\u00fccke der Humor uns f\u00fchrt,<\/p>\n<p>Wem m\u00e4chtig sich so Herz als Geist erhebet, Sobald er Uhu\u2019s heil\u2019ges Walten sp\u00fcrt,<\/p>\n<p>Ein w\u00fcrd\u2019ges Glied in uns\u2019rer Br\u00fcder Reih\u2019n: Schlaraffia Hoch! Der soll der Uns\u2019re sein!<\/p>\n<p>[\/et_pb_text][\/et_pb_column][\/et_pb_row][\/et_pb_section]<\/p>\n","protected":false},"excerpt":{"rendered":"<p>Wer soll SChlaraffe sein?Aus dem Liederbuch der BudapestiaWer soll Schlaraffe sein? Budapestia 1880, Melodie: Ritter Hadji El Murr Din der Abd-El-Katerige Edler von U Tempo &nbsp; Ich frage Euch, wer soll Schlaraffe sein? Wer kriechend, feig\u2018 sich um die Throne windet, Vor hohlen Sch\u00e4deln Reverenzen macht, Wer Rang und Glanz verehrungsvoll nur findet, Und \u00fcber [&hellip;]<\/p>\n","protected":false},"author":1,"featured_media":0,"parent":0,"menu_order":0,"comment_status":"closed","ping_status":"closed","template":"","meta":{"_et_pb_use_builder":"on","_et_pb_old_content":"","_et_gb_content_width":"","footnotes":""},"class_list":["post-189","page","type-page","status-publish","hentry"],"_links":{"self":[{"href":"https:\/\/schlaraffia-imbirseck.ch\/index.php\/wp-json\/wp\/v2\/pages\/189","targetHints":{"allow":["GET"]}}],"collection":[{"href":"https:\/\/schlaraffia-imbirseck.ch\/index.php\/wp-json\/wp\/v2\/pages"}],"about":[{"href":"https:\/\/schlaraffia-imbirseck.ch\/index.php\/wp-json\/wp\/v2\/types\/page"}],"author":[{"embeddable":true,"href":"https:\/\/schlaraffia-imbirseck.ch\/index.php\/wp-json\/wp\/v2\/users\/1"}],"replies":[{"embeddable":true,"href":"https:\/\/schlaraffia-imbirseck.ch\/index.php\/wp-json\/wp\/v2\/comments?post=189"}],"version-history":[{"count":5,"href":"https:\/\/schlaraffia-imbirseck.ch\/index.php\/wp-json\/wp\/v2\/pages\/189\/revisions"}],"predecessor-version":[{"id":340,"href":"https:\/\/schlaraffia-imbirseck.ch\/index.php\/wp-json\/wp\/v2\/pages\/189\/revisions\/340"}],"wp:attachment":[{"href":"https:\/\/schlaraffia-imbirseck.ch\/index.php\/wp-json\/wp\/v2\/media?parent=189"}],"curies":[{"name":"wp","href":"https:\/\/api.w.org\/{rel}","templated":true}]}}