{"id":173,"date":"2021-06-18T06:04:47","date_gmt":"2021-06-18T06:04:47","guid":{"rendered":"https:\/\/schlaraffia-imbirseck.ch\/?page_id=173"},"modified":"2021-06-18T06:50:55","modified_gmt":"2021-06-18T06:50:55","slug":"orden","status":"publish","type":"page","link":"https:\/\/schlaraffia-imbirseck.ch\/index.php\/orden\/","title":{"rendered":"Orden"},"content":{"rendered":"<p>[et_pb_section fb_built=&#8220;1&#8243; next_background_color=&#8220;#f7f7f7&#8243; admin_label=&#8220;Hero Section&#8220; _builder_version=&#8220;4.7.7&#8243; use_background_color_gradient=&#8220;on&#8220; background_color_gradient_start=&#8220;rgba(0,0,0,0.4)&#8220; background_color_gradient_end=&#8220;rgba(0,0,0,0.4)&#8220; background_color_gradient_overlays_image=&#8220;on&#8220; background_image=&#8220;https:\/\/schlaraffia-imbirseck.ch\/wp-content\/uploads\/2020\/12\/Burg.jpg&#8220; background_position=&#8220;center_right&#8220; custom_padding=&#8220;10%||16%|&#8220; bottom_divider_style=&#8220;slant&#8220; bottom_divider_height=&#8220;60px&#8220; background_color_gradient_direction__hover=&#8220;180deg&#8220; background_color_gradient_direction__hover_enabled=&#8220;180deg&#8220; background_color_gradient_start_position__hover=&#8220;0%&#8220; background_color_gradient_start_position__hover_enabled=&#8220;0%&#8220; background_color_gradient_end_position__hover=&#8220;100%&#8220; background_color_gradient_end_position__hover_enabled=&#8220;100%&#8220;][et_pb_row _builder_version=&#8220;3.25&#8243;][et_pb_column type=&#8220;4_4&#8243; _builder_version=&#8220;3.25&#8243; custom_padding=&#8220;|||&#8220; custom_padding__hover=&#8220;|||&#8220;][et_pb_text admin_label=&#8220;Hero Section Title&#8220; _builder_version=&#8220;4.7.7&#8243; text_font=&#8220;Indie Flower|||on|||||&#8220; header_font=&#8220;Montserrat|600|||||||&#8220; header_font_size=&#8220;48px&#8220; header_letter_spacing=&#8220;3px&#8220; header_line_height=&#8220;1.3em&#8220; header_2_font=&#8220;Indie Flower|700|||||||&#8220; header_2_text_color=&#8220;rgba(255,255,255,0.6)&#8220; header_2_font_size=&#8220;90px&#8220; header_2_letter_spacing=&#8220;3px&#8220; header_2_line_height=&#8220;1.1em&#8220; text_orientation=&#8220;center&#8220; background_layout=&#8220;dark&#8220; module_alignment=&#8220;center&#8220; custom_margin=&#8220;||60px|&#8220; animation_style=&#8220;slide&#8220; animation_direction=&#8220;bottom&#8220; animation_intensity_slide=&#8220;5%&#8220; header_font_size_tablet=&#8220;&#8220; header_font_size_phone=&#8220;28px&#8220; header_font_size_last_edited=&#8220;on|phone&#8220; header_2_font_size_tablet=&#8220;&#8220; header_2_font_size_phone=&#8220;50px&#8220; header_2_font_size_last_edited=&#8220;on|phone&#8220;]<\/p>\n<h2 style=\"text-align: left;\">Orden<\/h2>\n<h1><\/h1>\n<p>[\/et_pb_text][\/et_pb_column][\/et_pb_row][\/et_pb_section][et_pb_section fb_built=&#8220;1&#8243; admin_label=&#8220;About Section&#8220; _builder_version=&#8220;3.22&#8243; background_color=&#8220;#f7f7f7&#8243; custom_padding=&#8220;8px||8px|||&#8220;][et_pb_row column_structure=&#8220;3_5,2_5&#8243; _builder_version=&#8220;4.7.7&#8243; _module_preset=&#8220;default&#8220;][et_pb_column type=&#8220;3_5&#8243; _builder_version=&#8220;4.7.7&#8243; _module_preset=&#8220;default&#8220;][et_pb_text admin_label=&#8220;Title&#8220; _builder_version=&#8220;4.7.7&#8243; text_font=&#8220;Montserrat|300|||||||&#8220; text_text_color=&#8220;#878787&#8243; text_font_size=&#8220;25px&#8220; text_line_height=&#8220;1.8em&#8220; link_font=&#8220;||||on|||#f46624|&#8220; link_text_color=&#8220;#333333&#8243; header_font=&#8220;||||||||&#8220; header_2_font=&#8220;Montserrat|600||on|||||&#8220; header_2_text_align=&#8220;center&#8220; header_2_font_size=&#8220;30px&#8220; text_orientation=&#8220;center&#8220; max_width=&#8220;800px&#8220; module_alignment=&#8220;center&#8220; custom_margin=&#8220;||40px|&#8220; animation_style=&#8220;slide&#8220; animation_direction=&#8220;top&#8220; animation_intensity_slide=&#8220;20%&#8220; animation_starting_opacity=&#8220;100%&#8220;]<\/p>\n<p style=\"text-align: left;\"><span class=\"GramE\"><br \/>Urgeschichtliche Bodenfunde weisen auf eine fr\u00fche Besiedelung des Birstals hin. <\/span><span class=\"GramE\">Erste Funde menschlicher Hinterlassenschaften kann man auf die mittlere Bronzezeit datieren. <\/span><span class=\"GramE\">Sie deuten darauf hin, dass das Gebiet zu dieser Zeit eine gewisse Bedeutung als Reiseroute hatte. In der Eisenzeit scheint das Tal aber jede Bedeutung zu verlieren. <br \/>Dies \u00e4ndert sich in der R\u00f6merzeit wieder. Im Gebiet von M\u00fcnchenstein wird ein r\u00f6mischer Gutshof mit keltischer Vorg\u00e4ngersiedlung vermutet. Im Mittelalter sind im Birstal sechs Rit-terburgen entstanden. Rechnet man unsere Schlaraffenburg dazu, sind es sieben.<\/span><br \/> <a href=\"https:\/\/www.google.com\/maps\/place\/Restaurant+Hofgarten\/@47.4676499,7.5973636,16.76z\/data=!4m13!1m5!2m4!1saesch+restaurants!5m2!5m1!1s2018-09-23!3m6!1s0x0:0x3f0c407305d1f9eb!5m1!1s2018-09-23!8m2!3d47.4655862!4d7.5999574\"><span><\/span><\/a><\/p>\n<p>[\/et_pb_text][\/et_pb_column][et_pb_column type=&#8220;2_5&#8243; _builder_version=&#8220;4.7.7&#8243; _module_preset=&#8220;default&#8220;][et_pb_image src=&#8220;https:\/\/schlaraffia-imbirseck.ch\/wp-content\/uploads\/2021\/06\/Orden_7.png&#8220; title_text=&#8220;Orden_7&#8243; align=&#8220;center&#8220; _builder_version=&#8220;4.7.7&#8243; _module_preset=&#8220;default&#8220; width=&#8220;100%&#8220; custom_padding=&#8220;102px|||||&#8220;][\/et_pb_image][\/et_pb_column][\/et_pb_row][et_pb_row _builder_version=&#8220;4.7.7&#8243; _module_preset=&#8220;default&#8220;][et_pb_column type=&#8220;4_4&#8243; _builder_version=&#8220;4.7.7&#8243; _module_preset=&#8220;default&#8220;][et_pb_text _builder_version=&#8220;4.7.7&#8243; _module_preset=&#8220;default&#8220;]<\/p>\n<h1 style=\"text-align: center;\">Orden: Stern der 7 Burgen<\/h1>\n<p>[\/et_pb_text][\/et_pb_column][\/et_pb_row][et_pb_row column_structure=&#8220;1_4,3_4&#8243; _builder_version=&#8220;4.7.7&#8243; _module_preset=&#8220;default&#8220;][et_pb_column type=&#8220;1_4&#8243; _builder_version=&#8220;4.7.7&#8243; _module_preset=&#8220;default&#8220;][et_pb_text _builder_version=&#8220;4.7.7&#8243; _module_preset=&#8220;default&#8220; hover_enabled=&#8220;0&#8243; sticky_enabled=&#8220;0&#8243;]<\/p>\n<h2>Statuten <\/h2>\n<p>[\/et_pb_text][\/et_pb_column][et_pb_column type=&#8220;3_4&#8243; _builder_version=&#8220;4.7.7&#8243; _module_preset=&#8220;default&#8220;][et_pb_text _builder_version=&#8220;4.7.7&#8243; _module_preset=&#8220;default&#8220; custom_padding=&#8220;||0px|||&#8220; hover_enabled=&#8220;0&#8243; sticky_enabled=&#8220;0&#8243;]<\/p>\n<p><span style=\"font-size: large;\"><a href=\"https:\/\/schlaraffia-imbirseck.ch\/wp-content\/uploads\/2021\/06\/Statuten-und-Erklaerung-Sieben-Burgen-Internet.pdf\"><\/a>Die Statuten findet ihr <a href=\"https:\/\/schlaraffia-imbirseck.ch\/wp-content\/uploads\/2021\/06\/Statuten-und-Erklaerung-Sieben-Burgen-Internet.pdf\" target=\"_blank\" rel=\"noopener noreferrer\">hier<\/a><\/span><\/p>\n<p>[\/et_pb_text][\/et_pb_column][\/et_pb_row][et_pb_row column_structure=&#8220;1_4,3_4&#8243; _builder_version=&#8220;4.7.7&#8243; _module_preset=&#8220;default&#8220;][et_pb_column type=&#8220;1_4&#8243; _builder_version=&#8220;4.7.7&#8243; _module_preset=&#8220;default&#8220;][et_pb_text _builder_version=&#8220;4.7.7&#8243; _module_preset=&#8220;default&#8220;]<\/p>\n<h2>Stempelkarte<\/h2>\n<p>[\/et_pb_text][\/et_pb_column][et_pb_column type=&#8220;3_4&#8243; _builder_version=&#8220;4.7.7&#8243; _module_preset=&#8220;default&#8220;][et_pb_text _builder_version=&#8220;4.7.7&#8243; _module_preset=&#8220;default&#8220; custom_padding=&#8220;||0px|||&#8220; hover_enabled=&#8220;0&#8243; sticky_enabled=&#8220;0&#8243;]<\/p>\n<p><span style=\"font-size: large;\"><a href=\"https:\/\/schlaraffia-imbirseck.ch\/wp-content\/uploads\/2021\/06\/Stempelkarte-7-Burgen.pdf\"><\/a>Die Stempelkarte k\u00f6nnt ihr <a href=\"https:\/\/schlaraffia-imbirseck.ch\/wp-content\/uploads\/2021\/06\/Stempelkarte-7-Burgen.pdf\" target=\"_blank\" rel=\"noopener noreferrer\">hier<\/a> ausdrucken<\/span><\/p>\n<p>[\/et_pb_text][\/et_pb_column][\/et_pb_row][et_pb_row column_structure=&#8220;1_4,3_4&#8243; _builder_version=&#8220;4.7.7&#8243; _module_preset=&#8220;default&#8220;][et_pb_column type=&#8220;1_4&#8243; _builder_version=&#8220;4.7.7&#8243; _module_preset=&#8220;default&#8220;][et_pb_text _builder_version=&#8220;4.7.7&#8243; _module_preset=&#8220;default&#8220; hover_enabled=&#8220;0&#8243; sticky_enabled=&#8220;0&#8243;]<\/p>\n<h2>Entfernung<\/h2>\n<p>[\/et_pb_text][\/et_pb_column][et_pb_column type=&#8220;3_4&#8243; _builder_version=&#8220;4.7.7&#8243; _module_preset=&#8220;default&#8220;][et_pb_text _builder_version=&#8220;4.7.7&#8243; _module_preset=&#8220;default&#8220; hover_enabled=&#8220;0&#8243; sticky_enabled=&#8220;0&#8243;]<\/p>\n<p style=\"font-weight: 400;\"><span style=\"font-size: large;\"><a href=\"https:\/\/schlaraffia-imbirseck.ch\/wp-content\/uploads\/2021\/06\/Entfernungen-zu-den-Reychen-7-Burgen.pdf\"><\/a>Die Entfernung der einzelnen Reyche zu unserem k\u00f6nnt ihr <a href=\"https:\/\/schlaraffia-imbirseck.ch\/wp-content\/uploads\/2021\/06\/Entfernungen-zu-den-Reychen-7-Burgen.pdf\" target=\"_blank\" rel=\"noopener noreferrer\">hier<\/a> pr\u00fcfen<\/span><\/p>\n<p>[\/et_pb_text][\/et_pb_column][\/et_pb_row][et_pb_row _builder_version=&#8220;4.7.7&#8243; _module_preset=&#8220;default&#8220;][et_pb_column type=&#8220;4_4&#8243; _builder_version=&#8220;4.7.7&#8243; _module_preset=&#8220;default&#8220;][\/et_pb_column][\/et_pb_row][\/et_pb_section]<\/p>\n","protected":false},"excerpt":{"rendered":"<p>Orden Urgeschichtliche Bodenfunde weisen auf eine fr\u00fche Besiedelung des Birstals hin. Erste Funde menschlicher Hinterlassenschaften kann man auf die mittlere Bronzezeit datieren. Sie deuten darauf hin, dass das Gebiet zu dieser Zeit eine gewisse Bedeutung als Reiseroute hatte. In der Eisenzeit scheint das Tal aber jede Bedeutung zu verlieren. Dies \u00e4ndert sich in der R\u00f6merzeit [&hellip;]<\/p>\n","protected":false},"author":1,"featured_media":0,"parent":0,"menu_order":0,"comment_status":"closed","ping_status":"closed","template":"","meta":{"_et_pb_use_builder":"on","_et_pb_old_content":"","_et_gb_content_width":"","footnotes":""},"class_list":["post-173","page","type-page","status-publish","hentry"],"_links":{"self":[{"href":"https:\/\/schlaraffia-imbirseck.ch\/index.php\/wp-json\/wp\/v2\/pages\/173","targetHints":{"allow":["GET"]}}],"collection":[{"href":"https:\/\/schlaraffia-imbirseck.ch\/index.php\/wp-json\/wp\/v2\/pages"}],"about":[{"href":"https:\/\/schlaraffia-imbirseck.ch\/index.php\/wp-json\/wp\/v2\/types\/page"}],"author":[{"embeddable":true,"href":"https:\/\/schlaraffia-imbirseck.ch\/index.php\/wp-json\/wp\/v2\/users\/1"}],"replies":[{"embeddable":true,"href":"https:\/\/schlaraffia-imbirseck.ch\/index.php\/wp-json\/wp\/v2\/comments?post=173"}],"version-history":[{"count":4,"href":"https:\/\/schlaraffia-imbirseck.ch\/index.php\/wp-json\/wp\/v2\/pages\/173\/revisions"}],"predecessor-version":[{"id":185,"href":"https:\/\/schlaraffia-imbirseck.ch\/index.php\/wp-json\/wp\/v2\/pages\/173\/revisions\/185"}],"wp:attachment":[{"href":"https:\/\/schlaraffia-imbirseck.ch\/index.php\/wp-json\/wp\/v2\/media?parent=173"}],"curies":[{"name":"wp","href":"https:\/\/api.w.org\/{rel}","templated":true}]}}